{"id":128,"date":"2013-11-22T09:59:18","date_gmt":"2013-11-22T09:59:18","guid":{"rendered":"http:\/\/www.senglarferit.cat.mialias.net\/?page_id=128"},"modified":"2019-01-31T15:16:24","modified_gmt":"2019-01-31T15:16:24","slug":"organigrama","status":"publish","type":"page","link":"https:\/\/agroterritori.org\/?page_id=128","title":{"rendered":"Organigrama"},"content":{"rendered":"<div class=\"art-content-layout layout-item-0\">\n<div class=\"art-content-layout-row\">\n<div class=\"art-layout-cell\" style=\"width: 100%;\">\n<table style=\"margin-right: auto;\" border=\"0\" width=\"866\" cellspacing=\"0\" cellpadding=\"3\" align=\"center\">\n<tbody>\n<tr>\n<td style=\"text-align: left;\" colspan=\"2\" valign=\"top\">\u00a0La Fundaci\u00f3 Agroterritori s&#8217;estructura en diferents grups de treball i de decisi\u00f3:<\/td>\n<\/tr>\n<tr>\n<td style=\"text-align: justify;\" valign=\"top\" width=\"30%\"><\/td>\n<td style=\"text-align: left;\" valign=\"top\" width=\"70%\">Patronat<\/td>\n<\/tr>\n<tr>\n<td valign=\"top\" width=\"30%\"><\/td>\n<td style=\"text-align: left;\" valign=\"top\" width=\"70%\">Comissi\u00f3 Executiva<\/td>\n<\/tr>\n<tr>\n<td style=\"text-align: right;\" valign=\"top\" width=\"30%\"><\/td>\n<td style=\"text-align: left;\" valign=\"top\" width=\"70%\">Comissi\u00f3 Tecnicocient\u00edfica<\/td>\n<\/tr>\n<tr>\n<td valign=\"top\" width=\"30%\"><\/td>\n<td valign=\"top\" width=\"70%\">Comissi\u00f3 Assessora<\/td>\n<\/tr>\n<tr>\n<td valign=\"top\" width=\"30%\"><\/td>\n<td valign=\"top\" width=\"70%\">Equip t\u00e8cnic<\/td>\n<\/tr>\n<\/tbody>\n<\/table>\n<p><img decoding=\"async\" src=\"data:image\/png;base64,iVBORw0KGgoAAAANSUhEUgAAA9cAAAADCAIAAAAWUmvaAAAAM0lEQVRoge3WMQ0AIBAAMfybwgFO0HAMePipSUV0VeduAABgQFUtCwcAgDEWDgAA0\/7CH6EJjaJI0y64AAAAAElFTkSuQmCC\" alt=\"\" \/><\/p>\n<\/div>\n<\/div>\n<\/div>\n<p>&nbsp;<\/p>\n","protected":false},"excerpt":{"rendered":"<p>\u00a0La Fundaci\u00f3 Agroterritori s&#8217;estructura en diferents grups de treball i de decisi\u00f3: Patronat Comissi\u00f3 Executiva Comissi\u00f3 Tecnicocient\u00edfica Comissi\u00f3 Assessora Equip t\u00e8cnic &nbsp;<\/p>\n","protected":false},"author":1,"featured_media":0,"parent":125,"menu_order":5,"comment_status":"closed","ping_status":"open","template":"","meta":{"footnotes":""},"class_list":["post-128","page","type-page","status-publish","hentry","odd"],"_links":{"self":[{"href":"https:\/\/agroterritori.org\/index.php?rest_route=\/wp\/v2\/pages\/128","targetHints":{"allow":["GET"]}}],"collection":[{"href":"https:\/\/agroterritori.org\/index.php?rest_route=\/wp\/v2\/pages"}],"about":[{"href":"https:\/\/agroterritori.org\/index.php?rest_route=\/wp\/v2\/types\/page"}],"author":[{"embeddable":true,"href":"https:\/\/agroterritori.org\/index.php?rest_route=\/wp\/v2\/users\/1"}],"replies":[{"embeddable":true,"href":"https:\/\/agroterritori.org\/index.php?rest_route=%2Fwp%2Fv2%2Fcomments&post=128"}],"version-history":[{"count":38,"href":"https:\/\/agroterritori.org\/index.php?rest_route=\/wp\/v2\/pages\/128\/revisions"}],"predecessor-version":[{"id":3589,"href":"https:\/\/agroterritori.org\/index.php?rest_route=\/wp\/v2\/pages\/128\/revisions\/3589"}],"up":[{"embeddable":true,"href":"https:\/\/agroterritori.org\/index.php?rest_route=\/wp\/v2\/pages\/125"}],"wp:attachment":[{"href":"https:\/\/agroterritori.org\/index.php?rest_route=%2Fwp%2Fv2%2Fmedia&parent=128"}],"curies":[{"name":"wp","href":"https:\/\/api.w.org\/{rel}","templated":true}]}}