{"id":1261,"date":"2014-05-06T09:39:25","date_gmt":"2014-05-06T09:39:25","guid":{"rendered":"https:\/\/agroterritori.org\/?page_id=1261"},"modified":"2018-01-10T10:01:06","modified_gmt":"2018-01-10T10:01:06","slug":"memories","status":"publish","type":"page","link":"https:\/\/agroterritori.org\/?page_id=1261","title":{"rendered":"Mem\u00f2ries"},"content":{"rendered":"<p style=\"text-align: left;\">Mem\u00f2ria d&#8217;actuacions de l&#8217;any 2009: <a href=\"http:\/\/agroterritori.org\/wp-content\/uploads\/2014\/05\/Memoria_activitats_2009.pdf\">Memoria_activitats_2009<\/a><\/p>\n<p style=\"text-align: left;\">Mem\u00f2ria d&#8217;actuacions de l&#8217;any 2010: <a href=\"http:\/\/agroterritori.org\/wp-content\/uploads\/2014\/05\/Memoria_activitats_2010.pdf\">Memoria_activitats_2010<\/a><\/p>\n<p style=\"text-align: left;\">Mem\u00f2ria d&#8217;actuacions de l&#8217;any 2011: <a href=\"http:\/\/agroterritori.org\/wp-content\/uploads\/2014\/05\/Memoria_activitats_2011.pdf\">Memoria_activitats_2011<\/a><\/p>\n<p style=\"text-align: left;\">Mem\u00f2ria d&#8217;actuacions de l&#8217;any 2012: <a href=\"http:\/\/agroterritori.org\/wp-content\/uploads\/2014\/05\/Memoria_activitats_2012.pdf\">Memoria_activitats_2012<\/a><\/p>\n<p style=\"text-align: left;\">Mem\u00f2ria d&#8217;actuacions de l&#8217;any 2013: <a href=\"http:\/\/agroterritori.org\/wp-content\/uploads\/2018\/01\/Memoria_activitats_2013.pdf\">Memoria_activitats_2013<\/a><\/p>\n<p style=\"text-align: left;\">Mem\u00f2ria d&#8217;actuacions de l&#8217;any 2014: <a href=\"http:\/\/agroterritori.org\/wp-content\/uploads\/2018\/01\/Memoria_activitats_2014.pdf\">Memoria_activitats_2014<\/a><\/p>\n<p style=\"text-align: left;\">Mem\u00f2ria d&#8217;actuacions de l&#8217;any 2015: <a href=\"http:\/\/agroterritori.org\/wp-content\/uploads\/2018\/01\/Memoria_activitats_2015.pdf\">Memoria_activitats_2015<\/a><\/p>\n<p style=\"text-align: left;\">Mem\u00f2ria d&#8217;actuacions de l&#8217;any 2016: <a href=\"http:\/\/agroterritori.org\/wp-content\/uploads\/2018\/01\/Memoria_activitats_2016.pdf\">Memoria_activitats_2016<\/a><\/p>\n<p style=\"text-align: left;\"><img loading=\"lazy\" decoding=\"async\" class=\"alignnone\" src=\"data:image\/png;base64,iVBORw0KGgoAAAANSUhEUgAAA9cAAAADCAIAAAAWUmvaAAAAM0lEQVRoge3WMQ0AIBAAMfybwgFO0HAMePipSUV0VeduAABgQFUtCwcAgDEWDgAA0\/7CH6EJjaJI0y64AAAAAElFTkSuQmCC\" alt=\"\" width=\"983\" height=\"3\" \/><\/p>\n","protected":false},"excerpt":{"rendered":"<p>Mem\u00f2ria d&#8217;actuacions de l&#8217;any 2009: Memoria_activitats_2009 Mem\u00f2ria d&#8217;actuacions de l&#8217;any 2010: Memoria_activitats_2010 Mem\u00f2ria d&#8217;actuacions de l&#8217;any 2011: Memoria_activitats_2011 Mem\u00f2ria d&#8217;actuacions de l&#8217;any 2012: Memoria_activitats_2012 Mem\u00f2ria d&#8217;actuacions de l&#8217;any 2013: Memoria_activitats_2013 Mem\u00f2ria d&#8217;actuacions de l&#8217;any 2014: Memoria_activitats_2014 Mem\u00f2ria d&#8217;actuacions de l&#8217;any 2015: Memoria_activitats_2015 Mem\u00f2ria d&#8217;actuacions de l&#8217;any 2016: Memoria_activitats_2016<\/p>\n","protected":false},"author":3,"featured_media":0,"parent":125,"menu_order":0,"comment_status":"closed","ping_status":"open","template":"","meta":{"footnotes":""},"class_list":["post-1261","page","type-page","status-publish","hentry","odd"],"_links":{"self":[{"href":"https:\/\/agroterritori.org\/index.php?rest_route=\/wp\/v2\/pages\/1261","targetHints":{"allow":["GET"]}}],"collection":[{"href":"https:\/\/agroterritori.org\/index.php?rest_route=\/wp\/v2\/pages"}],"about":[{"href":"https:\/\/agroterritori.org\/index.php?rest_route=\/wp\/v2\/types\/page"}],"author":[{"embeddable":true,"href":"https:\/\/agroterritori.org\/index.php?rest_route=\/wp\/v2\/users\/3"}],"replies":[{"embeddable":true,"href":"https:\/\/agroterritori.org\/index.php?rest_route=%2Fwp%2Fv2%2Fcomments&post=1261"}],"version-history":[{"count":9,"href":"https:\/\/agroterritori.org\/index.php?rest_route=\/wp\/v2\/pages\/1261\/revisions"}],"predecessor-version":[{"id":3339,"href":"https:\/\/agroterritori.org\/index.php?rest_route=\/wp\/v2\/pages\/1261\/revisions\/3339"}],"up":[{"embeddable":true,"href":"https:\/\/agroterritori.org\/index.php?rest_route=\/wp\/v2\/pages\/125"}],"wp:attachment":[{"href":"https:\/\/agroterritori.org\/index.php?rest_route=%2Fwp%2Fv2%2Fmedia&parent=1261"}],"curies":[{"name":"wp","href":"https:\/\/api.w.org\/{rel}","templated":true}]}}