{"id":126,"date":"2013-11-22T09:59:16","date_gmt":"2013-11-22T09:59:16","guid":{"rendered":"http:\/\/www.senglarferit.cat.mialias.net\/?page_id=126"},"modified":"2017-12-05T21:21:51","modified_gmt":"2017-12-05T21:21:51","slug":"qui-som","status":"publish","type":"page","link":"https:\/\/agroterritori.org\/?page_id=126","title":{"rendered":"Qui Som?"},"content":{"rendered":"<div class=\"art-content-layout layout-item-0\">\n<p class=\"art-content-layout-row\" style=\"text-align: left;\">Agroterritori \u00e9s una entitat privada sense \u00e0nim de lucre creada en 2007 com a plataforma al servei de la pagesia, la recerca i la societat. La impulsen la <strong>Universitat de Girona i la Uni\u00f3 de Pagesos de Catalunya<\/strong>.<\/p>\n<p class=\"art-content-layout-row\" style=\"text-align: center;\">&#8230;&#8230;&#8230;.<\/p>\n<p class=\"art-content-layout-row\" style=\"text-align: left;\">En Agroterritori hi col\u00b7laboren t\u00e8cnics i investigadors especialistes en diferents \u00e0rees de coneixement en relaci\u00f3 amb agricultura: agronomia, geografia, biologia, economia, ci\u00e8ncies pol\u00edtiques, planejament territorial, etc.<\/p>\n<p class=\"art-content-layout-row\" style=\"text-align: left;\">Tamb\u00e9 treballa en consorci amb altres entitats del territori, cooperatives, administraci\u00f3 local, associacions i recerca amb l\u2019objectiu de fomentar propostes de desenvolupament econ\u00f2mic, social i ambiental de les activitats agr\u00e0ries i per la preservaci\u00f3 dels espais agraris, especialment els periurbans.<\/p>\n<p class=\"art-content-layout-row\" style=\"text-align: center;\">&#8230;&#8230;&#8230;..<\/p>\n<p class=\"art-content-layout-row\" style=\"text-align: left;\">Est\u00e0 dirigida per un Patronat amb el suport de per tres comissi\u00f3, l&#8217;Executiva, la T\u00e8cnicocient\u00edfica i l&#8217;Assessora. Tamb\u00e9 compta amb un equip t\u00e8cnic propi per a la gesti\u00f3 i execuci\u00f3 de projectes, aix\u00ed com de les activitats de la fundaci\u00f3 i les xarxes socials.<\/p>\n<p class=\"art-content-layout-row\" style=\"text-align: center;\">&#8230;&#8230;&#8230;..<\/p>\n<div class=\"art-content-layout-row\"><img decoding=\"async\" src=\"data:image\/png;base64,iVBORw0KGgoAAAANSUhEUgAAA9cAAAADCAIAAAAWUmvaAAAAM0lEQVRoge3WMQ0AIBAAMfybwgFO0HAMePipSUV0VeduAABgQFUtCwcAgDEWDgAA0\/7CH6EJjaJI0y64AAAAAElFTkSuQmCC\" alt=\"\" \/><\/div>\n<\/div>\n","protected":false},"excerpt":{"rendered":"<p>Agroterritori \u00e9s una entitat privada sense \u00e0nim de lucre creada en 2007 com a plataforma al servei de la pagesia, la recerca i la societat. La impulsen la Universitat de Girona i la Uni\u00f3 de Pagesos de Catalunya. &#8230;&#8230;&#8230;. En Agroterritori hi col\u00b7laboren t\u00e8cnics i investigadors especialistes en diferents \u00e0rees de coneixement en relaci\u00f3 amb [&hellip;]<\/p>\n","protected":false},"author":1,"featured_media":0,"parent":125,"menu_order":3,"comment_status":"closed","ping_status":"open","template":"","meta":{"footnotes":""},"class_list":["post-126","page","type-page","status-publish","hentry","odd"],"_links":{"self":[{"href":"https:\/\/agroterritori.org\/index.php?rest_route=\/wp\/v2\/pages\/126","targetHints":{"allow":["GET"]}}],"collection":[{"href":"https:\/\/agroterritori.org\/index.php?rest_route=\/wp\/v2\/pages"}],"about":[{"href":"https:\/\/agroterritori.org\/index.php?rest_route=\/wp\/v2\/types\/page"}],"author":[{"embeddable":true,"href":"https:\/\/agroterritori.org\/index.php?rest_route=\/wp\/v2\/users\/1"}],"replies":[{"embeddable":true,"href":"https:\/\/agroterritori.org\/index.php?rest_route=%2Fwp%2Fv2%2Fcomments&post=126"}],"version-history":[{"count":34,"href":"https:\/\/agroterritori.org\/index.php?rest_route=\/wp\/v2\/pages\/126\/revisions"}],"predecessor-version":[{"id":3311,"href":"https:\/\/agroterritori.org\/index.php?rest_route=\/wp\/v2\/pages\/126\/revisions\/3311"}],"up":[{"embeddable":true,"href":"https:\/\/agroterritori.org\/index.php?rest_route=\/wp\/v2\/pages\/125"}],"wp:attachment":[{"href":"https:\/\/agroterritori.org\/index.php?rest_route=%2Fwp%2Fv2%2Fmedia&parent=126"}],"curies":[{"name":"wp","href":"https:\/\/api.w.org\/{rel}","templated":true}]}}